{"id":77,"date":"2016-05-23T10:58:34","date_gmt":"2016-05-23T10:58:34","guid":{"rendered":"https:\/\/fleur.qodeinteractive.com\/?page_id=77"},"modified":"2024-05-18T21:41:51","modified_gmt":"2024-05-18T21:41:51","slug":"onama","status":"publish","type":"page","link":"https:\/\/dvoranakristal.hr\/index.php\/onama\/","title":{"rendered":"O nama"},"content":{"rendered":"<p>[vc_row css=&#8221;.vc_custom_1484236231180{padding-right: 0px !important;padding-left: 0px !important;}&#8221;][vc_column css=&#8221;.vc_custom_1484297194827{padding-right: 0px !important;padding-left: 0px !important;}&#8221;]<div class=\"mkd-elements-holder mkd-two-columns mkd-responsive-mode-768 mkd-one-column-alignment-left\" ><div class=\"mkd-elements-holder-item mkd-horizontal-alignment-left mkd-fade-in-right\" data-animation=\"mkd-fade-in-right\" data-item-class=\"mkd-elements-holder-custom-127297\" data-1280-1440=\"31% 0\" data-1024-1280=\"34% 0\" data-768-1024=\"20% 0\" data-600-768=\"23%\" data-480-600=\"23%\" data-480=\"23%\" style=\"background-image: url(https:\/\/dvoranakristal.hr\/wp-content\/uploads\/2023\/03\/O-nama-Kristal.jpg);transition-delay:2ms;-webkit-transition-delay:2ms\">\n\t<div class=\"mkd-elements-holder-item-inner\" style=\"mkd-elements-holder-item-inner\">\n\t\t<div class=\"mkd-elements-holder-item-content mkd-elements-holder-custom-127297\" style=\"padding: 24% 0\">\n\t\t\t\t\t<\/div>\n\t<\/div>\n<\/div><div class=\"mkd-elements-holder-item mkd-horizontal-alignment-left\" data-item-class=\"mkd-elements-holder-custom-561404\" data-1280-1440=\"0px 18% 0 11%\" data-1024-1280=\"0px 15% 2px 9%\" data-768-1024=\"13% 13%\" data-600-768=\"130px 13%\" data-480-600=\"130px 13%\" data-480=\"130px 13%\" style=\"background-color: #f4f4f4\">\n\t<div class=\"mkd-elements-holder-item-inner\" style=\"mkd-elements-holder-item-inner\">\n\t\t<div class=\"mkd-elements-holder-item-content mkd-elements-holder-custom-561404\" style=\"padding: 0px 30% 5px 11%\">\n\t\t\t[vc_column_text css_animation=&#8221;fadeInUp&#8221; css=&#8221;.vc_custom_1677921933744{padding-right: 10% !important;}&#8221;]<\/p>\n<h3 class=\"mkd-section-title mkd-section-title-large\"><span style=\"color: #4a3e5a;\">SVE\u010cANE DVORANE KRISTAL<\/span><\/h3>\n<p>[\/vc_column_text][vc_empty_space height=&#8221;17px&#8221;][vc_column_text css_animation=&#8221;none&#8221;]Od 2009. godine stvaramo najljep\u0161e pri\u010de vas, na\u0161ih dragih mladenaca. Kristal raspola\u017ee s tri sve\u010dane dvorane kapaciteta 480, 270 i 70 osoba. Namijenjene su proslavama svadbenih sve\u010danosti, prigodnih zabava, poslovnih skupova, domjenaka i sli\u010dnim doga\u0111ajima.[\/vc_column_text][vc_empty_space height=&#8221;60&#8243;]<a href=\"#\" target=\"_self\" style=\"border-color: #4a3e5a;margin: 30px 0px 0px 0px\" class=\"mkd-btn mkd-btn-medium mkd-btn-outline mkd-btn-hover-solid\"  >\n\t<span class=\"mkd-btn-text\">KONTAKTIRAJ NAS<\/span>\n\t\n\t\t\t<span class=\"mkd-btn-helper\" ><\/span>\n\t<\/a>\t\t<\/div>\n\t<\/div>\n<\/div><\/div>[\/vc_column][\/vc_row][vc_row css_animation=&#8221;mkd-element-from-left&#8221; content_width=&#8221;grid&#8221; content_aligment=&#8221;center&#8221; css=&#8221;.vc_custom_1677922059228{padding-top: 40px !important;padding-right: 0px !important;padding-bottom: 10px !important;padding-left: 0px !important;}&#8221;][vc_column css_animation=&#8221;fadeInUp&#8221;]<div class=\"mkd-section-title-holder\">\n\t<h2 class=\"mkd-section-title mkd-section-title-medium\" style=\"text-transform: uppercase;text-align: center\">\n\t\tMISIJA    <\/h2>\n<\/div><div class=\"mkd-separator-with-icon-holder clearfix mkd-default-icon\" style=\"margin-top: 8px\">\n\n\t<span class=\"mkd-separator-left\" ><\/span>\n\t\t\t<div class=\"mkd-default-icon-holder\" ><\/div>\n\t\t<span class=\"mkd-separator-right\" ><\/span>\n<\/div>[vc_empty_space height=&#8221;21px&#8221;][vc_column_text]Te\u017eimo tome da na\u0161om sveobuhvatnom uslugom i raznolikom ponudom osiguramo va\u0161e povjerenje i va\u0161 poseban dan pretvorimo u vjen\u010danje iz snova. Uz organizaciju do najsitnijih detalja, brinemo da sve pro\u0111e u veselju i najboljem redu, a vi u dru\u0161tvu va\u0161ih najmilijih stvorite najljep\u0161e uspomene najsretnijeg dana u \u017eivotu.[\/vc_column_text][vc_empty_space height=&#8221;20&#8243;][\/vc_column][\/vc_row][vc_row css_animation=&#8221;mkd-element-from-left&#8221; content_width=&#8221;grid&#8221; content_aligment=&#8221;center&#8221; css=&#8221;.vc_custom_1677922051663{padding-top: 0px !important;padding-right: 0px !important;padding-bottom: 10px !important;padding-left: 0px !important;}&#8221;][vc_column]<div class=\"mkd-section-title-holder\">\n\t<h2 class=\"mkd-section-title mkd-section-title-medium\" style=\"text-transform: uppercase;text-align: center\">\n\t\tVIZIJA    <\/h2>\n<\/div><div class=\"mkd-separator-with-icon-holder clearfix mkd-default-icon\" style=\"margin-top: 8px\">\n\n\t<span class=\"mkd-separator-left\" ><\/span>\n\t\t\t<div class=\"mkd-default-icon-holder\" ><\/div>\n\t\t<span class=\"mkd-separator-right\" ><\/span>\n<\/div>[vc_empty_space height=&#8221;21px&#8221;][vc_column_text]Za nezaboravan dan Kristal nudi jedinstvenu ponudu okusa, mirisa i pa\u017eljivo odabranih detalja. Na\u0161a bogata gastronomska ponuda omogu\u0107uje izbor izme\u0111u nekoliko nizova pa\u017eljivo pripremljenih jela od strane vrhunskih kuhara, zadovoljavaju\u0107i sve ukuse i preferencije va\u0161ih gostiju. Na\u0161 cilj je stvoriti savr\u0161en ambijent i pru\u017eiti vam iskustvo koje \u0107e nadma\u0161iti sva va\u0161a o\u010dekivanja. Zajedno s vama, rastemo i razvijamo se, te\u017eimo unaprje\u0111enju, postavljanju novih trendova, stvaranju novih sadr\u017eaja i ispunjavanju svih va\u0161ih svadbenih \u017eelja.[\/vc_column_text][vc_empty_space height=&#8221;40&#8243;][\/vc_column][\/vc_row][vc_row css_animation=&#8221;mkd-element-from-right&#8221; css=&#8221;.vc_custom_1678314889832{padding-top: 10px !important;padding-right: 10px !important;padding-bottom: 10px !important;padding-left: 10px !important;}&#8221;][vc_column width=&#8221;1\/3&#8243;][vc_single_image image=&#8221;11443&#8243; img_size=&#8221;full&#8221;][\/vc_column][vc_column width=&#8221;1\/3&#8243;][vc_single_image image=&#8221;11442&#8243; img_size=&#8221;full&#8221;][\/vc_column][vc_column width=&#8221;1\/3&#8243;][vc_single_image image=&#8221;11444&#8243; img_size=&#8221;full&#8221;][\/vc_column][\/vc_row]<\/p>\n","protected":false},"excerpt":{"rendered":"<p>[vc_row css=&#8221;.vc_custom_1484236231180{padding-right: 0px !important;padding-left: 0px !important;}&#8221;][vc_column css=&#8221;.vc_custom_1484297194827{padding-right: 0px !important;padding-left: 0px !important;}&#8221;][\/vc_column][\/vc_row][vc_row css_animation=&#8221;mkd-element-from-left&#8221; content_width=&#8221;grid&#8221; content_aligment=&#8221;center&#8221; css=&#8221;.vc_custom_1677922059228{padding-top: 40px !important;padding-right: 0px !important;padding-bottom: 10px !important;padding-left: 0px !important;}&#8221;][vc_column css_animation=&#8221;fadeInUp&#8221;][vc_empty_space height=&#8221;21px&#8221;][vc_column_text]Te\u017eimo tome da na\u0161om sveobuhvatnom uslugom i raznolikom ponudom osiguramo va\u0161e povjerenje i va\u0161 poseban dan pretvorimo u vjen\u010danje iz snova&#8230;.<\/p>\n","protected":false},"author":1,"featured_media":0,"parent":0,"menu_order":0,"comment_status":"closed","ping_status":"closed","template":"full-width.php","meta":{"footnotes":""},"class_list":["post-77","page","type-page","status-publish","hentry"],"_links":{"self":[{"href":"https:\/\/dvoranakristal.hr\/index.php\/wp-json\/wp\/v2\/pages\/77","targetHints":{"allow":["GET"]}}],"collection":[{"href":"https:\/\/dvoranakristal.hr\/index.php\/wp-json\/wp\/v2\/pages"}],"about":[{"href":"https:\/\/dvoranakristal.hr\/index.php\/wp-json\/wp\/v2\/types\/page"}],"author":[{"embeddable":true,"href":"https:\/\/dvoranakristal.hr\/index.php\/wp-json\/wp\/v2\/users\/1"}],"replies":[{"embeddable":true,"href":"https:\/\/dvoranakristal.hr\/index.php\/wp-json\/wp\/v2\/comments?post=77"}],"version-history":[{"count":29,"href":"https:\/\/dvoranakristal.hr\/index.php\/wp-json\/wp\/v2\/pages\/77\/revisions"}],"predecessor-version":[{"id":11730,"href":"https:\/\/dvoranakristal.hr\/index.php\/wp-json\/wp\/v2\/pages\/77\/revisions\/11730"}],"wp:attachment":[{"href":"https:\/\/dvoranakristal.hr\/index.php\/wp-json\/wp\/v2\/media?parent=77"}],"curies":[{"name":"wp","href":"https:\/\/api.w.org\/{rel}","templated":true}]}}