{"id":11512,"date":"2023-03-04T10:38:29","date_gmt":"2023-03-04T10:38:29","guid":{"rendered":"https:\/\/dvoranakristal.hr\/?page_id=11512"},"modified":"2024-05-18T21:43:00","modified_gmt":"2024-05-18T21:43:00","slug":"menu","status":"publish","type":"page","link":"https:\/\/dvoranakristal.hr\/index.php\/menu\/","title":{"rendered":"Menu"},"content":{"rendered":"<p>[vc_row css_animation=&#8221;mkd-element-from-right&#8221; content_width=&#8221;grid&#8221; content_aligment=&#8221;center&#8221; css=&#8221;.vc_custom_1677922078199{padding-top: 20px !important;padding-right: 0px !important;padding-bottom: 10px !important;padding-left: 0px !important;}&#8221;][vc_column]<div class=\"mkd-section-title-holder\">\n\t<h2 class=\"mkd-section-title mkd-section-title-medium\" style=\"text-transform: uppercase;text-align: center\">\n\t\tBogatstvo okusa    <\/h2>\n<\/div><div class=\"mkd-separator-with-icon-holder clearfix mkd-default-icon\" style=\"margin-top: 8px\">\n\n\t<span class=\"mkd-separator-left\" ><\/span>\n\t\t\t<div class=\"mkd-default-icon-holder\" ><\/div>\n\t\t<span class=\"mkd-separator-right\" ><\/span>\n<\/div>[vc_empty_space height=&#8221;21px&#8221;][vc_column_text css=&#8221;.vc_custom_1678347660672{margin-bottom: 30px !important;}&#8221;]Elegantan interijer na\u0161ih sve\u010danih dvorana zajedno s raznovrsnim okusima koje nude na\u0161i menui siguran su put da Va\u0161im gostima sve\u010danost ostane u prelijepom sje\u0107anju. Bogatstvo okusa i namirnica ideja je kojom su se vodili na\u0161i majstori kuhinje. Prema iskustvu i povratnoj informaciji dosada\u0161njih gostiju, Kristal ponuda jela bez rije\u010di ostavlja i one najzahtjevnije gurmane.[\/vc_column_text][vc_empty_space height=&#8221;81px&#8221;][\/vc_column][\/vc_row][vc_row css=&#8221;.vc_custom_1484236231180{padding-right: 0px !important;padding-left: 0px !important;}&#8221;][vc_column css=&#8221;.vc_custom_1484297194827{padding-right: 0px !important;padding-left: 0px !important;}&#8221;]<div class=\"mkd-elements-holder mkd-two-columns mkd-responsive-mode-768 mkd-one-column-alignment-left\" ><div class=\"mkd-elements-holder-item mkd-horizontal-alignment-left mkd-grow-in\" data-animation=\"mkd-grow-in\" data-item-class=\"mkd-elements-holder-custom-572926\" data-1280-1440=\"31% 0\" data-1024-1280=\"34% 0\" data-768-1024=\"20% 0\" data-600-768=\"23%\" data-480-600=\"23%\" data-480=\"23%\" style=\"background-image: url(https:\/\/dvoranakristal.hr\/wp-content\/uploads\/2023\/03\/Jelovnik-Kristal.jpg);transition-delay:2ms;-webkit-transition-delay:2ms\">\n\t<div class=\"mkd-elements-holder-item-inner\" style=\"mkd-elements-holder-item-inner\">\n\t\t<div class=\"mkd-elements-holder-item-content mkd-elements-holder-custom-572926\" style=\"padding: 24% 0\">\n\t\t\t\t\t<\/div>\n\t<\/div>\n<\/div><div class=\"mkd-elements-holder-item mkd-horizontal-alignment-left\" data-item-class=\"mkd-elements-holder-custom-760586\" data-1280-1440=\"0px 18% 0 11%\" data-1024-1280=\"0px 15% 2px 9%\" data-768-1024=\"13% 13%\" data-600-768=\"130px 13%\" data-480-600=\"130px 13%\" data-480=\"130px 13%\" style=\"background-color: #f4f4f4\">\n\t<div class=\"mkd-elements-holder-item-inner\" style=\"mkd-elements-holder-item-inner\">\n\t\t<div class=\"mkd-elements-holder-item-content mkd-elements-holder-custom-760586\" style=\"padding: 0px 30% 5px 11%\">\n\t\t\t[vc_column_text css_animation=&#8221;fadeInUp&#8221; css=&#8221;.vc_custom_1677929973536{padding-right: 10% !important;}&#8221;]<\/p>\n<h3 class=\"mkd-section-title mkd-section-title-large\"><span style=\"color: #4a3e5a;\">KOJI JE TVOJ IZBOR?<\/span><\/h3>\n<p>[\/vc_column_text][vc_empty_space height=&#8221;17px&#8221;][vc_column_text css_animation=&#8221;none&#8221;]<\/p>\n<p style=\"text-align: left;\">Na\u0161a bogata gastronomska ponuda omogu\u0107uje izbor izme\u0111u nekoliko nizova pa\u017eljivo pripremljenih jela od strane vrhunskih kuhara, zadovoljavaju\u0107i sve ukuse i preferencije va\u0161ih gostiju. Kristal ponudu pogledajte ovdje:<\/p>\n<p>[\/vc_column_text][vc_empty_space height=&#8221;37px&#8221;]<a href=\"https:\/\/dvoranakristal.hr\/wp-content\/uploads\/2024\/05\/Jelovnik-Kristal.pdf\" target=\"_self\" style=\"border-color: #4a3e5a;margin: 30px 0px 0px 0px\" class=\"mkd-btn mkd-btn-medium mkd-btn-outline mkd-btn-hover-solid\"  >\n\t<span class=\"mkd-btn-text\">KRISTAL MENU<\/span>\n\t\n\t\t\t<span class=\"mkd-btn-helper\" ><\/span>\n\t<\/a>\t\t<\/div>\n\t<\/div>\n<\/div><\/div>[\/vc_column][\/vc_row][vc_row][vc_column][vc_empty_space height=&#8221;81px&#8221;][\/vc_column][\/vc_row][vc_row content_width=&#8221;grid&#8221;][vc_column width=&#8221;1\/4&#8243;][vc_single_image image=&#8221;11542&#8243; img_size=&#8221;full&#8221; css_animation=&#8221;fadeInLeft&#8221;][vc_empty_space height=&#8221;20&#8243;][vc_single_image image=&#8221;11543&#8243; img_size=&#8221;full&#8221; css_animation=&#8221;fadeInUp&#8221;][\/vc_column][vc_column width=&#8221;3\/4&#8243;][vc_single_image image=&#8221;11541&#8243; img_size=&#8221;full&#8221; css_animation=&#8221;fadeInRight&#8221;][\/vc_column][\/vc_row][vc_row css_animation=&#8221;mkd-element-from-right&#8221; content_width=&#8221;grid&#8221; content_aligment=&#8221;center&#8221; css=&#8221;.vc_custom_1677922078199{padding-top: 20px !important;padding-right: 0px !important;padding-bottom: 10px !important;padding-left: 0px !important;}&#8221;][vc_column]<div class=\"mkd-section-title-holder\">\n\t<h2 class=\"mkd-section-title mkd-section-title-medium\" style=\"text-transform: uppercase;text-align: center\">\n\t\tDodatne usluge    <\/h2>\n<\/div><div class=\"mkd-section-subtitle-holder\" >\n\t<p  class=\"mkd-section-subtitle\">Sve\u010danih dvorana Kristal<\/p>\n<\/div><div class=\"mkd-separator-with-icon-holder clearfix mkd-default-icon\" style=\"margin-top: 8px\">\n\n\t<span class=\"mkd-separator-left\" ><\/span>\n\t\t\t<div class=\"mkd-default-icon-holder\" ><\/div>\n\t\t<span class=\"mkd-separator-right\" ><\/span>\n<\/div>[vc_empty_space height=&#8221;81px&#8221;][\/vc_column][\/vc_row][vc_row css_animation=&#8221;mkd-element-from-right&#8221; content_width=&#8221;grid&#8221;][vc_column width=&#8221;1\/3&#8243;]<div class=\"mkd-iwt clearfix mkd-iwt-icon-top mkd-iwt-icon-tiny\">\n\t<div class=\"mkd-iwt-icon-holder\">\n\t\t\t\t\t\n\t<span class=\"mkd-icon-shortcode normal\" style=\"margin: 0 0 25px 0\" >\n        \n\t\t\t<i class=\"mkd-icon-linea-icon icon-weather-variable-halfmoon mkd-icon-element\" style=\"font-size:55px\" ><\/i>\n\t\t\t    <\/span>\n\n\t\t\t\t<\/div>\n\t<div class=\"mkd-iwt-content-holder\" >\n\t\t<div class=\"mkd-iwt-title-holder\">\n\t\t\t<h4 \t\t\t>MOGU\u0106NOST NO\u0106ENJA<\/h4>\n\t<\/div>\n\t<div class=\"mkd-iwt-text-holder\">\n\t\t<p >Mogu\u0107nost no\u0107enja u na\u0161im prekrasnim sobama (8 soba ; 16 le\u017eaja)<\/p>\n\n\t\t\t<\/div>\n<\/div>\n<\/div>[\/vc_column][vc_column width=&#8221;1\/3&#8243;]<div class=\"mkd-iwt clearfix mkd-iwt-icon-top mkd-iwt-icon-tiny\">\n\t<div class=\"mkd-iwt-icon-holder\">\n\t\t\t\t\t\n\t<span class=\"mkd-icon-shortcode normal\" style=\"margin: 0 0 25px 0\" >\n        \n\t\t\t<i class=\"mkd-icon-linea-icon icon-software-paintbrush mkd-icon-element\" style=\"font-size:55px\" ><\/i>\n\t\t\t    <\/span>\n\n\t\t\t\t<\/div>\n\t<div class=\"mkd-iwt-content-holder\" >\n\t\t<div class=\"mkd-iwt-title-holder\">\n\t\t\t<h4 \t\t\t>URE\u0110ENJE DVORANE<\/h4>\n\t<\/div>\n\t<div class=\"mkd-iwt-text-holder\">\n\t\t<p >Dekoracija kompletne dvorane, bijele presvlake, luksuzno ure\u0111enje stolova<\/p>\n\n\t\t\t<\/div>\n<\/div>\n<\/div>[\/vc_column][vc_column width=&#8221;1\/3&#8243;]<div class=\"mkd-iwt clearfix mkd-iwt-icon-top mkd-iwt-icon-tiny\">\n\t<div class=\"mkd-iwt-icon-holder\">\n\t\t\t\t\t\n\t<span class=\"mkd-icon-shortcode normal\" style=\"margin: 0 0 25px 0\" >\n        \n\t\t\t<i class=\"mkd-icon-linea-icon icon-basic-lightbulb mkd-icon-element\" style=\"font-size:55px\" ><\/i>\n\t\t\t    <\/span>\n\n\t\t\t\t<\/div>\n\t<div class=\"mkd-iwt-content-holder\" >\n\t\t<div class=\"mkd-iwt-title-holder\">\n\t\t\t<h4 \t\t\t>DEKORATIVNA RASVJETA<\/h4>\n\t<\/div>\n\t<div class=\"mkd-iwt-text-holder\">\n\t\t<p >RGB rasvjeta, niski dim (suhi led), odre\u0111en broj spark fontana<\/p>\n\n\t\t\t<\/div>\n<\/div>\n<\/div>[\/vc_column][\/vc_row][vc_row][vc_column][vc_empty_space height=&#8221;50&#8243;][\/vc_column][\/vc_row]<\/p>\n","protected":false},"excerpt":{"rendered":"<p>[vc_row css_animation=&#8221;mkd-element-from-right&#8221; content_width=&#8221;grid&#8221; content_aligment=&#8221;center&#8221; css=&#8221;.vc_custom_1677922078199{padding-top: 20px !important;padding-right: 0px !important;padding-bottom: 10px !important;padding-left: 0px !important;}&#8221;][vc_column][vc_empty_space height=&#8221;21px&#8221;][vc_column_text css=&#8221;.vc_custom_1678347660672{margin-bottom: 30px !important;}&#8221;]Elegantan interijer na\u0161ih sve\u010danih dvorana zajedno s raznovrsnim okusima koje nude na\u0161i menui siguran su put da Va\u0161im gostima sve\u010danost ostane u prelijepom sje\u0107anju. Bogatstvo okusa i namirnica ideja&#8230;<\/p>\n","protected":false},"author":1,"featured_media":0,"parent":0,"menu_order":0,"comment_status":"closed","ping_status":"closed","template":"full-width.php","meta":{"footnotes":""},"class_list":["post-11512","page","type-page","status-publish","hentry"],"_links":{"self":[{"href":"https:\/\/dvoranakristal.hr\/index.php\/wp-json\/wp\/v2\/pages\/11512","targetHints":{"allow":["GET"]}}],"collection":[{"href":"https:\/\/dvoranakristal.hr\/index.php\/wp-json\/wp\/v2\/pages"}],"about":[{"href":"https:\/\/dvoranakristal.hr\/index.php\/wp-json\/wp\/v2\/types\/page"}],"author":[{"embeddable":true,"href":"https:\/\/dvoranakristal.hr\/index.php\/wp-json\/wp\/v2\/users\/1"}],"replies":[{"embeddable":true,"href":"https:\/\/dvoranakristal.hr\/index.php\/wp-json\/wp\/v2\/comments?post=11512"}],"version-history":[{"count":35,"href":"https:\/\/dvoranakristal.hr\/index.php\/wp-json\/wp\/v2\/pages\/11512\/revisions"}],"predecessor-version":[{"id":11731,"href":"https:\/\/dvoranakristal.hr\/index.php\/wp-json\/wp\/v2\/pages\/11512\/revisions\/11731"}],"wp:attachment":[{"href":"https:\/\/dvoranakristal.hr\/index.php\/wp-json\/wp\/v2\/media?parent=11512"}],"curies":[{"name":"wp","href":"https:\/\/api.w.org\/{rel}","templated":true}]}}